{"id":2623,"date":"2025-11-27T14:32:11","date_gmt":"2025-11-27T14:32:11","guid":{"rendered":"https:\/\/springmeeting.cwfcof.org\/sm-invoicing-long-form\/"},"modified":"2025-11-27T14:46:40","modified_gmt":"2025-11-27T14:46:40","slug":"sm-invoicing-long-form","status":"publish","type":"page","link":"https:\/\/springmeeting.cwfcof.org\/fr\/sm-invoicing-long-form\/","title":{"rendered":"SM Invoicing Long Form"},"content":{"rendered":"\t\t<div data-elementor-type=\"wp-page\" data-elementor-id=\"2623\" class=\"elementor elementor-2623 elementor-2604\" data-elementor-post-type=\"page\">\n\t\t\t\t<div class=\"elementor-element elementor-element-4ee892e9 e-flex e-con-boxed e-con e-parent\" data-id=\"4ee892e9\" data-element_type=\"container\" data-e-type=\"container\">\n\t\t\t\t\t<div class=\"e-con-inner\">\n\t\t\t\t<div class=\"elementor-element elementor-element-6a68f57d elementor-widget elementor-widget-image\" data-id=\"6a68f57d\" data-element_type=\"widget\" data-e-type=\"widget\" data-widget_type=\"image.default\">\n\t\t\t\t<div class=\"elementor-widget-container\">\n\t\t\t\t\t\t\t\t\t\t\t\t\t\t\t<img fetchpriority=\"high\" decoding=\"async\" width=\"1995\" height=\"525\" src=\"https:\/\/springmeeting.cwfcof.org\/wp-content\/uploads\/2025\/11\/2026-spring-meeting-banner.png\" class=\"attachment-full size-full wp-image-2359\" alt=\"\" srcset=\"https:\/\/springmeeting.cwfcof.org\/wp-content\/uploads\/2025\/11\/2026-spring-meeting-banner.png 1995w, https:\/\/springmeeting.cwfcof.org\/wp-content\/uploads\/2025\/11\/2026-spring-meeting-banner-300x79.png 300w, https:\/\/springmeeting.cwfcof.org\/wp-content\/uploads\/2025\/11\/2026-spring-meeting-banner-1024x269.png 1024w, https:\/\/springmeeting.cwfcof.org\/wp-content\/uploads\/2025\/11\/2026-spring-meeting-banner-768x202.png 768w, https:\/\/springmeeting.cwfcof.org\/wp-content\/uploads\/2025\/11\/2026-spring-meeting-banner-1536x404.png 1536w\" sizes=\"(max-width: 1995px) 100vw, 1995px\" \/>\t\t\t\t\t\t\t\t\t\t\t\t\t\t\t<\/div>\n\t\t\t\t<\/div>\n\t\t\t\t\t<\/div>\n\t\t\t\t<\/div>\n\t\t<div class=\"elementor-element elementor-element-6af2c30c e-flex e-con-boxed e-con e-parent\" data-id=\"6af2c30c\" data-element_type=\"container\" data-e-type=\"container\">\n\t\t\t\t\t<div class=\"e-con-inner\">\n\t\t\t\t<div class=\"elementor-element elementor-element-9620454 elementor-align-center elementor-widget__width-initial elementor-widget elementor-widget-button\" data-id=\"9620454\" data-element_type=\"widget\" data-e-type=\"widget\" data-widget_type=\"button.default\">\n\t\t\t\t<div class=\"elementor-widget-container\">\n\t\t\t\t\t\t\t\t\t<div class=\"elementor-button-wrapper\">\n\t\t\t\t\t<a class=\"elementor-button elementor-button-link elementor-size-sm\" href=\"https:\/\/springmeeting.cwfcof.org\/fr\/inscription-a-la-reunion-de-printemps\/\">\n\t\t\t\t\t\t<span class=\"elementor-button-content-wrapper\">\n\t\t\t\t\t\t\t\t\t<span class=\"elementor-button-text\">Retourner au formulaire de paiement en ligne<\/span>\n\t\t\t\t\t<\/span>\n\t\t\t\t\t<\/a>\n\t\t\t\t<\/div>\n\t\t\t\t\t\t\t\t<\/div>\n\t\t\t\t<\/div>\n\t\t\t\t\t<\/div>\n\t\t\t\t<\/div>\n\t\t<div class=\"elementor-element elementor-element-40c62ded e-flex e-con-boxed e-con e-parent\" data-id=\"40c62ded\" data-element_type=\"container\" data-e-type=\"container\">\n\t\t\t\t\t<div class=\"e-con-inner\">\n\t\t\t\t<div class=\"elementor-element elementor-element-6229260c elementor-widget elementor-widget-heading\" data-id=\"6229260c\" data-element_type=\"widget\" data-e-type=\"widget\" data-widget_type=\"heading.default\">\n\t\t\t\t<div class=\"elementor-widget-container\">\n\t\t\t\t\t<h2 class=\"elementor-heading-title elementor-size-default\">Formulaire de facture (version longue)<\/h2>\t\t\t\t<\/div>\n\t\t\t\t<\/div>\n\t\t\t\t<div class=\"elementor-element elementor-element-640a2fba elementor-widget elementor-widget-text-editor\" data-id=\"640a2fba\" data-element_type=\"widget\" data-e-type=\"widget\" data-widget_type=\"text-editor.default\">\n\t\t\t\t<div class=\"elementor-widget-container\">\n\t\t\t\t\t\t\t\t\t<p style=\"text-align: center;\">Remplissez ce formulaire si vous souhaitez \u00eatre factur\u00e9 pour <span style=\"text-decoration: underline;\"><strong>plus de<\/strong><\/span> 5 billets suppl\u00e9mentaires.<\/p><p style=\"text-align: center;\">Si vous avez besoin de <span style=\"text-decoration: underline;\"><strong>moins de<\/strong><\/span> 6 billets, cliquez sur le bouton du formulaire court ci-dessous.<\/p>\t\t\t\t\t\t\t\t<\/div>\n\t\t\t\t<\/div>\n\t\t\t\t\t<\/div>\n\t\t\t\t<\/div>\n\t\t<div class=\"elementor-element elementor-element-c2728cb e-flex e-con-boxed e-con e-parent\" data-id=\"c2728cb\" data-element_type=\"container\" data-e-type=\"container\">\n\t\t\t\t\t<div class=\"e-con-inner\">\n\t\t\t\t<div class=\"elementor-element elementor-element-14a4978 elementor-align-center elementor-widget__width-initial elementor-widget elementor-widget-button\" data-id=\"14a4978\" data-element_type=\"widget\" data-e-type=\"widget\" data-widget_type=\"button.default\">\n\t\t\t\t<div class=\"elementor-widget-container\">\n\t\t\t\t\t\t\t\t\t<div class=\"elementor-button-wrapper\">\n\t\t\t\t\t<a class=\"elementor-button elementor-button-link elementor-size-sm\" href=\"https:\/\/springmeeting.cwfcof.org\/fr\/inscription-a-la-reunion-de-printemps\/\" target=\"_blank\">\n\t\t\t\t\t\t<span class=\"elementor-button-content-wrapper\">\n\t\t\t\t\t\t\t\t\t<span class=\"elementor-button-text\">Formulaire de facture (version abr\u00e9g\u00e9e)<\/span>\n\t\t\t\t\t<\/span>\n\t\t\t\t\t<\/a>\n\t\t\t\t<\/div>\n\t\t\t\t\t\t\t\t<\/div>\n\t\t\t\t<\/div>\n\t\t\t\t<div class=\"elementor-element elementor-element-529c7735 elementor-widget elementor-widget-text-editor\" data-id=\"529c7735\" data-element_type=\"widget\" data-e-type=\"widget\" data-widget_type=\"text-editor.default\">\n\t\t\t\t<div class=\"elementor-widget-container\">\n\t\t\t\t\t\t\t\t\t<p style=\"text-align: center;\">Si vous avez des questions ou si vous avez besoin d&rsquo;aide, veuillez nous contacter \u00e0 l&rsquo;adresse admin@cwfcof.org ou appeler Trinda au 902 897-6961.<\/p>\t\t\t\t\t\t\t\t<\/div>\n\t\t\t\t<\/div>\n\t\t\t\t\t<\/div>\n\t\t\t\t<\/div>\n\t\t<div class=\"elementor-element elementor-element-3380e606 e-flex e-con-boxed e-con e-parent\" data-id=\"3380e606\" data-element_type=\"container\" data-e-type=\"container\">\n\t\t\t\t\t<div class=\"e-con-inner\">\n\t\t\t\t<div class=\"elementor-element elementor-element-543c47aa elementor-widget elementor-widget-html\" data-id=\"543c47aa\" data-element_type=\"widget\" data-e-type=\"widget\" data-widget_type=\"html.default\">\n\t\t\t\t<div class=\"elementor-widget-container\">\n\t\t\t\t\t\r\n    <iframe id=\"JotFormIFrame-253303915257254\" title=\"2026 Spring Meeting Registration Invoice Details (more than 5) (plus de 5)\" onload=\"window.parent.scrollTo(0,0)\" allowtransparency=\"true\" allow=\"geolocation; microphone; camera; fullscreen; payment\" src=\"https:\/\/form.jotform.com\/253303915257254\" frameborder=\"0\" style=\"min-width:100%;max-width:100%;height:539px;border:none;\" scrolling=\"no\">\r\n    <\/iframe>\r\n    <script src=\"https:\/\/cdn.jotfor.ms\/s\/umd\/latest\/for-form-embed-handler.js\"><\/script>\r\n    <script>window.jotformEmbedHandler(\"iframe[id='JotFormIFrame-253303915257254']\", \"https:\/\/form.jotform.com\/\")<\/script>\r\n    \t\t\t\t<\/div>\n\t\t\t\t<\/div>\n\t\t\t\t\t<\/div>\n\t\t\t\t<\/div>\n\t\t\t\t<\/div>\n\t\t","protected":false},"excerpt":{"rendered":"<p>Retourner au formulaire de paiement en ligne Formulaire de facture (version longue) Remplissez ce formulaire si vous souhaitez \u00eatre factur\u00e9 pour plus de 5 billets suppl\u00e9mentaires. Si vous avez besoin de moins de 6 billets, cliquez sur le bouton du formulaire court ci-dessous. Formulaire de facture (version abr\u00e9g\u00e9e) Si vous avez des questions ou si [&hellip;]<\/p>\n","protected":false},"author":1,"featured_media":0,"parent":0,"menu_order":0,"comment_status":"closed","ping_status":"closed","template":"","meta":{"footnotes":""},"class_list":["post-2623","page","type-page","status-publish","hentry"],"_links":{"self":[{"href":"https:\/\/springmeeting.cwfcof.org\/fr\/wp-json\/wp\/v2\/pages\/2623","targetHints":{"allow":["GET"]}}],"collection":[{"href":"https:\/\/springmeeting.cwfcof.org\/fr\/wp-json\/wp\/v2\/pages"}],"about":[{"href":"https:\/\/springmeeting.cwfcof.org\/fr\/wp-json\/wp\/v2\/types\/page"}],"author":[{"embeddable":true,"href":"https:\/\/springmeeting.cwfcof.org\/fr\/wp-json\/wp\/v2\/users\/1"}],"replies":[{"embeddable":true,"href":"https:\/\/springmeeting.cwfcof.org\/fr\/wp-json\/wp\/v2\/comments?post=2623"}],"version-history":[{"count":2,"href":"https:\/\/springmeeting.cwfcof.org\/fr\/wp-json\/wp\/v2\/pages\/2623\/revisions"}],"predecessor-version":[{"id":2630,"href":"https:\/\/springmeeting.cwfcof.org\/fr\/wp-json\/wp\/v2\/pages\/2623\/revisions\/2630"}],"wp:attachment":[{"href":"https:\/\/springmeeting.cwfcof.org\/fr\/wp-json\/wp\/v2\/media?parent=2623"}],"curies":[{"name":"wp","href":"https:\/\/api.w.org\/{rel}","templated":true}]}}